{"id":3,"date":"2020-06-24T17:46:16","date_gmt":"2020-06-24T15:46:16","guid":{"rendered":"http:\/\/taxis-geng-maiziereslesmetz.fr\/?page_id=3"},"modified":"2021-12-29T13:39:53","modified_gmt":"2021-12-29T12:39:53","slug":"politique-de-confidentialite","status":"publish","type":"page","link":"https:\/\/taxis-geng-maiziereslesmetz.fr\/?page_id=3","title":{"rendered":"Politique de confidentialit\u00e9 et mentions l\u00e9gales"},"content":{"rendered":"\n<h2 class=\"wp-block-heading\">Qui sommes-nous&nbsp;?<\/h2>\n\n\n\n<p>L\u2019adresse de notre site Web est\u00a0: <a href=\"https:\/\/taxis-geng-maiziereslesmetz.fr\">https:\/\/taxis-geng-maiziereslesmetz.fr<\/a><\/p>\n\n\n\n<p>En vertu de l\u2019article 6 de la loi n\u00b0 2004-575 du 21 juin 2004 pour la confiance dans l\u2019\u00e9conomie num\u00e9rique, il est pr\u00e9cis\u00e9 aux utilisateurs du site <a href=\"https:\/\/taxis-geng-maiziereslesmetz.fr\">https:\/\/taxis-geng-maiziereslesmetz.fr<\/a> l\u2019identit\u00e9 des diff\u00e9rents intervenants dans le cadre de sa r\u00e9alisation et de son suivi :<\/p>\n\n\n\n<p>Le pr\u00e9sent site est \u00e9dit\u00e9 par : Taxi Geng SIRET 44329368300027 et qui est domicili\u00e9e au 5 rue Fran\u00e7oise Giroud 57280 Maizi\u00e8res-les-Metz<\/p>\n\n\n\n<p>Responsable de la publication : Taxi Geng joignable par le formulaire de contact et par t\u00e9l\u00e9phone au <a href=\"tel:0387802591\">0387802591<\/a><\/p>\n\n\n\n<p>Webmaster du site : <a href=\"https:\/\/guillaumejobard.eu\/\" target=\"_blank\" rel=\"noreferrer noopener\">JOBARD Guillaume<\/a>, joignable par t\u00e9l\u00e9phone au <a rel=\"noreferrer noopener\" href=\"tel:0633872383\" target=\"_blank\">0633872383<\/a><\/p>\n\n\n\n<p>H\u00e9bergeur du site : <a href=\"http:\/\/ovh.fr\" target=\"_blank\" rel=\"noreferrer noopener\">OVH<\/a>, qui est domicili\u00e9 2 rue Kellermann BP 80157 59100 Roubaix et joignable par t\u00e9l\u00e9phone au 1007<\/p>\n\n\n\n<h2 class=\"wp-block-heading\">Utilisation des donn\u00e9es personnelles collect\u00e9es<\/h2>\n\n\n\n<h3 class=\"wp-block-heading\">Contenu embarqu\u00e9 depuis d\u2019autres sites<\/h3>\n\n\n\n<p>Les articles de ce site peuvent inclure des contenus int\u00e9gr\u00e9s (par exemple des vid\u00e9os, images, articles\u2026). Le contenu int\u00e9gr\u00e9 depuis d\u2019autres sites se comporte de la m\u00eame mani\u00e8re que si le visiteur se rendait sur cet autre site.<\/p>\n\n\n\n<p>Ces sites web pourraient collecter des donn\u00e9es sur vous, utiliser des cookies, embarquer des outils de suivis tiers, suivre vos interactions avec ces contenus embarqu\u00e9s si vous disposez d\u2019un compte connect\u00e9 sur leur site web.<\/p>\n\n\n\n<h2 class=\"wp-block-heading\">Utilisation et transmission de vos donn\u00e9es personnelles<\/h2>\n\n\n\n<h2 class=\"wp-block-heading\">Dur\u00e9es de stockage de vos donn\u00e9es<\/h2>\n\n\n\n<p>Si vous laissez un commentaire, le commentaire et ses m\u00e9tadonn\u00e9es sont conserv\u00e9s ind\u00e9finiment. Cela permet de reconna\u00eetre et approuver automatiquement les commentaires suivants au lieu de les laisser dans la file de mod\u00e9ration.<\/p>\n\n\n\n<p>Pour les utilisateurs et utilisatrices qui s\u2019enregistrent sur notre site (si cela est possible), nous stockons \u00e9galement les donn\u00e9es personnelles indiqu\u00e9es dans leur profil. Tous les utilisateurs et utilisatrices peuvent voir, modifier ou supprimer leurs informations personnelles \u00e0 tout moment (\u00e0 l\u2019exception de leur nom d\u2019utilisateur\u00b7ice). Les gestionnaires du site peuvent aussi voir et modifier ces informations.<\/p>\n\n\n\n<h2 class=\"wp-block-heading\">Les droits que vous avez sur vos donn\u00e9es<\/h2>\n\n\n\n<p>Si vous avez un compte ou si vous avez laiss\u00e9 des commentaires sur le site, vous pouvez demander \u00e0 recevoir un fichier contenant toutes les donn\u00e9es personnelles que nous poss\u00e9dons \u00e0 votre sujet, incluant celles que vous nous avez fournies. Vous pouvez \u00e9galement demander la suppression des donn\u00e9es personnelles vous concernant. Cela ne prend pas en compte les donn\u00e9es stock\u00e9es \u00e0 des fins administratives, l\u00e9gales ou pour des raisons de s\u00e9curit\u00e9.<\/p>\n\n\n\n<h2 class=\"wp-block-heading\">Transmission de vos donn\u00e9es personnelles<\/h2>\n\n\n\n<p>Les commentaires des visiteurs peuvent \u00eatre v\u00e9rifi\u00e9s \u00e0 l\u2019aide d\u2019un service automatis\u00e9 de d\u00e9tection des commentaires ind\u00e9sirables.<\/p>\n","protected":false},"excerpt":{"rendered":"<div class=\"entry-summary\">\nQui sommes-nous&nbsp;? L\u2019adresse de notre site Web est\u00a0: https:\/\/taxis-geng-maiziereslesmetz.fr En vertu de l\u2019article 6 de la loi n\u00b0 2004-575 du 21 juin 2004 pour la confiance dans l\u2019\u00e9conomie num\u00e9rique, il est pr\u00e9cis\u00e9 aux utilisateurs du site https:\/\/taxis-geng-maiziereslesmetz.fr l\u2019identit\u00e9 des diff\u00e9rents intervenants dans le cadre de sa r\u00e9alisation et de son suivi : Le pr\u00e9sent site&hellip;\n<\/div>\n<div class=\"link-more\"><a href=\"https:\/\/taxis-geng-maiziereslesmetz.fr\/?page_id=3\" class=\"more-link\">Continue reading<span class=\"screen-reader-text\"> &ldquo;Politique de confidentialit\u00e9 et mentions l\u00e9gales&rdquo;<\/span>&hellip;<\/a><\/div>\n","protected":false},"author":1,"featured_media":0,"parent":0,"menu_order":0,"comment_status":"closed","ping_status":"closed","template":"","meta":{"footnotes":""},"class_list":["post-3","page","type-page","status-publish","hentry","entry"],"yoast_head":"<!-- This site is optimized with the Yoast SEO plugin v24.4 - https:\/\/yoast.com\/wordpress\/plugins\/seo\/ -->\n<title>Politique de confidentialit\u00e9 et mentions l\u00e9gales - Taxi Geng<\/title>\n<meta name=\"robots\" content=\"index, follow, max-snippet:-1, max-image-preview:large, max-video-preview:-1\" \/>\n<link rel=\"canonical\" href=\"https:\/\/taxis-geng-maiziereslesmetz.fr\/?page_id=3\" \/>\n<meta property=\"og:locale\" content=\"fr_FR\" \/>\n<meta property=\"og:type\" content=\"article\" \/>\n<meta property=\"og:title\" content=\"Politique de confidentialit\u00e9 et mentions l\u00e9gales - Taxi Geng\" \/>\n<meta property=\"og:description\" content=\"Qui sommes-nous&nbsp;? L\u2019adresse de notre site Web est\u00a0: https:\/\/taxis-geng-maiziereslesmetz.fr En vertu de l\u2019article 6 de la loi n\u00b0 2004-575 du 21 juin 2004 pour la confiance dans l\u2019\u00e9conomie num\u00e9rique, il est pr\u00e9cis\u00e9 aux utilisateurs du site https:\/\/taxis-geng-maiziereslesmetz.fr l\u2019identit\u00e9 des diff\u00e9rents intervenants dans le cadre de sa r\u00e9alisation et de son suivi : Le pr\u00e9sent site&hellip; Continue reading &ldquo;Politique de confidentialit\u00e9 et mentions l\u00e9gales&rdquo;&hellip;\" \/>\n<meta property=\"og:url\" content=\"https:\/\/taxis-geng-maiziereslesmetz.fr\/?page_id=3\" \/>\n<meta property=\"og:site_name\" content=\"Taxi Geng\" \/>\n<meta property=\"article:modified_time\" content=\"2021-12-29T12:39:53+00:00\" \/>\n<meta name=\"twitter:card\" content=\"summary_large_image\" \/>\n<meta name=\"twitter:label1\" content=\"Dur\u00e9e de lecture estim\u00e9e\" \/>\n\t<meta name=\"twitter:data1\" content=\"3 minutes\" \/>\n<script type=\"application\/ld+json\" class=\"yoast-schema-graph\">{\"@context\":\"https:\/\/schema.org\",\"@graph\":[{\"@type\":\"WebPage\",\"@id\":\"https:\/\/taxis-geng-maiziereslesmetz.fr\/?page_id=3\",\"url\":\"https:\/\/taxis-geng-maiziereslesmetz.fr\/?page_id=3\",\"name\":\"Politique de confidentialit\u00e9 et mentions l\u00e9gales - Taxi Geng\",\"isPartOf\":{\"@id\":\"https:\/\/taxis-geng-maiziereslesmetz.fr\/#website\"},\"datePublished\":\"2020-06-24T15:46:16+00:00\",\"dateModified\":\"2021-12-29T12:39:53+00:00\",\"breadcrumb\":{\"@id\":\"https:\/\/taxis-geng-maiziereslesmetz.fr\/?page_id=3#breadcrumb\"},\"inLanguage\":\"fr-FR\",\"potentialAction\":[{\"@type\":\"ReadAction\",\"target\":[\"https:\/\/taxis-geng-maiziereslesmetz.fr\/?page_id=3\"]}]},{\"@type\":\"BreadcrumbList\",\"@id\":\"https:\/\/taxis-geng-maiziereslesmetz.fr\/?page_id=3#breadcrumb\",\"itemListElement\":[{\"@type\":\"ListItem\",\"position\":1,\"name\":\"Accueil\",\"item\":\"https:\/\/taxis-geng-maiziereslesmetz.fr\/\"},{\"@type\":\"ListItem\",\"position\":2,\"name\":\"Politique de confidentialit\u00e9 et mentions l\u00e9gales\"}]},{\"@type\":\"WebSite\",\"@id\":\"https:\/\/taxis-geng-maiziereslesmetz.fr\/#website\",\"url\":\"https:\/\/taxis-geng-maiziereslesmetz.fr\/\",\"name\":\"Taxi Geng\",\"description\":\"Votre taxi \u00e0 Maizi\u00e8res-les-Metz depuis 2002\",\"potentialAction\":[{\"@type\":\"SearchAction\",\"target\":{\"@type\":\"EntryPoint\",\"urlTemplate\":\"https:\/\/taxis-geng-maiziereslesmetz.fr\/?s={search_term_string}\"},\"query-input\":{\"@type\":\"PropertyValueSpecification\",\"valueRequired\":true,\"valueName\":\"search_term_string\"}}],\"inLanguage\":\"fr-FR\"}]}<\/script>\n<!-- \/ Yoast SEO plugin. -->","yoast_head_json":{"title":"Politique de confidentialit\u00e9 et mentions l\u00e9gales - Taxi Geng","robots":{"index":"index","follow":"follow","max-snippet":"max-snippet:-1","max-image-preview":"max-image-preview:large","max-video-preview":"max-video-preview:-1"},"canonical":"https:\/\/taxis-geng-maiziereslesmetz.fr\/?page_id=3","og_locale":"fr_FR","og_type":"article","og_title":"Politique de confidentialit\u00e9 et mentions l\u00e9gales - Taxi Geng","og_description":"Qui sommes-nous&nbsp;? L\u2019adresse de notre site Web est\u00a0: https:\/\/taxis-geng-maiziereslesmetz.fr En vertu de l\u2019article 6 de la loi n\u00b0 2004-575 du 21 juin 2004 pour la confiance dans l\u2019\u00e9conomie num\u00e9rique, il est pr\u00e9cis\u00e9 aux utilisateurs du site https:\/\/taxis-geng-maiziereslesmetz.fr l\u2019identit\u00e9 des diff\u00e9rents intervenants dans le cadre de sa r\u00e9alisation et de son suivi : Le pr\u00e9sent site&hellip; Continue reading &ldquo;Politique de confidentialit\u00e9 et mentions l\u00e9gales&rdquo;&hellip;","og_url":"https:\/\/taxis-geng-maiziereslesmetz.fr\/?page_id=3","og_site_name":"Taxi Geng","article_modified_time":"2021-12-29T12:39:53+00:00","twitter_card":"summary_large_image","twitter_misc":{"Dur\u00e9e de lecture estim\u00e9e":"3 minutes"},"schema":{"@context":"https:\/\/schema.org","@graph":[{"@type":"WebPage","@id":"https:\/\/taxis-geng-maiziereslesmetz.fr\/?page_id=3","url":"https:\/\/taxis-geng-maiziereslesmetz.fr\/?page_id=3","name":"Politique de confidentialit\u00e9 et mentions l\u00e9gales - Taxi Geng","isPartOf":{"@id":"https:\/\/taxis-geng-maiziereslesmetz.fr\/#website"},"datePublished":"2020-06-24T15:46:16+00:00","dateModified":"2021-12-29T12:39:53+00:00","breadcrumb":{"@id":"https:\/\/taxis-geng-maiziereslesmetz.fr\/?page_id=3#breadcrumb"},"inLanguage":"fr-FR","potentialAction":[{"@type":"ReadAction","target":["https:\/\/taxis-geng-maiziereslesmetz.fr\/?page_id=3"]}]},{"@type":"BreadcrumbList","@id":"https:\/\/taxis-geng-maiziereslesmetz.fr\/?page_id=3#breadcrumb","itemListElement":[{"@type":"ListItem","position":1,"name":"Accueil","item":"https:\/\/taxis-geng-maiziereslesmetz.fr\/"},{"@type":"ListItem","position":2,"name":"Politique de confidentialit\u00e9 et mentions l\u00e9gales"}]},{"@type":"WebSite","@id":"https:\/\/taxis-geng-maiziereslesmetz.fr\/#website","url":"https:\/\/taxis-geng-maiziereslesmetz.fr\/","name":"Taxi Geng","description":"Votre taxi \u00e0 Maizi\u00e8res-les-Metz depuis 2002","potentialAction":[{"@type":"SearchAction","target":{"@type":"EntryPoint","urlTemplate":"https:\/\/taxis-geng-maiziereslesmetz.fr\/?s={search_term_string}"},"query-input":{"@type":"PropertyValueSpecification","valueRequired":true,"valueName":"search_term_string"}}],"inLanguage":"fr-FR"}]}},"_links":{"self":[{"href":"https:\/\/taxis-geng-maiziereslesmetz.fr\/index.php?rest_route=\/wp\/v2\/pages\/3","targetHints":{"allow":["GET"]}}],"collection":[{"href":"https:\/\/taxis-geng-maiziereslesmetz.fr\/index.php?rest_route=\/wp\/v2\/pages"}],"about":[{"href":"https:\/\/taxis-geng-maiziereslesmetz.fr\/index.php?rest_route=\/wp\/v2\/types\/page"}],"author":[{"embeddable":true,"href":"https:\/\/taxis-geng-maiziereslesmetz.fr\/index.php?rest_route=\/wp\/v2\/users\/1"}],"replies":[{"embeddable":true,"href":"https:\/\/taxis-geng-maiziereslesmetz.fr\/index.php?rest_route=%2Fwp%2Fv2%2Fcomments&post=3"}],"version-history":[{"count":5,"href":"https:\/\/taxis-geng-maiziereslesmetz.fr\/index.php?rest_route=\/wp\/v2\/pages\/3\/revisions"}],"predecessor-version":[{"id":132,"href":"https:\/\/taxis-geng-maiziereslesmetz.fr\/index.php?rest_route=\/wp\/v2\/pages\/3\/revisions\/132"}],"wp:attachment":[{"href":"https:\/\/taxis-geng-maiziereslesmetz.fr\/index.php?rest_route=%2Fwp%2Fv2%2Fmedia&parent=3"}],"curies":[{"name":"wp","href":"https:\/\/api.w.org\/{rel}","templated":true}]}}