{"id":2,"date":"2020-06-24T17:46:16","date_gmt":"2020-06-24T15:46:16","guid":{"rendered":"http:\/\/taxis-geng-maiziereslesmetz.fr\/?page_id=2"},"modified":"2023-01-17T19:39:15","modified_gmt":"2023-01-17T18:39:15","slug":"reservation-par-telephone-au-03-87-80-25-91-ou-par-sms-au-06-20-55-12-61","status":"publish","type":"page","link":"https:\/\/taxis-geng-maiziereslesmetz.fr\/","title":{"rendered":"Contactez nous au 03.87.80.25.91"},"content":{"rendered":"\n<p class=\"has-text-align-center\">Cliquez sur les num\u00e9ros suivants pour appeler Taxi Geng ! (appels non surtax\u00e9s)<\/p>\n\n\n\n<p class=\"has-text-align-center\">Vous pouvez \u00e9galement envoyer un SMS mais uniquement dans le cas de r\u00e9servations non urgentes.<\/p>\n\n\n\n<p class=\"has-text-align-center has-large-font-size\"><strong><a href=\"tel:0387802591\">03.87.80.25.91<\/a><\/strong> \/ <strong><a href=\"tel:0620551261\">06.20.55.12.61<\/a><\/strong><\/p>\n\n\n\n<p class=\"has-text-align-center has-medium-font-size\"><span style=\"text-decoration: underline;\">L\u2019entreprise Taxi Geng bas\u00e9e \u00e0 <a href=\"http:\/\/www.ville-maizieres-les-metz.fr\/\" target=\"_blank\" rel=\"noreferrer noopener\">Maizi\u00e8res-les-Metz (57280)<\/a>, c\u2019est avant tout :<\/span><\/p>\n\n\n\n<div class=\"wp-block-columns is-layout-flex wp-container-core-columns-is-layout-1 wp-block-columns-is-layout-flex\">\n<div class=\"wp-block-column is-layout-flow wp-block-column-is-layout-flow\">\n<p>\u2022 Des taxis conventionn\u00e9s <strong>toutes caisses<\/strong><br>\u2022 Des transports <strong>toutes distances et toutes destinations<\/strong> (gares, a\u00e9roports, h\u00f4tels, tourisme, service m\u00e9dical\u2026)<br>\u2022 Des d\u00e9placements <strong>priv\u00e9s, professionnels, scolaires, sanitaires&#8230;<\/strong><br>\u2022 Des courses pour les <strong>entreprises <\/strong>avec possibilit\u00e9 de facturation mensuelle<br>\u2022 Des envois de plis, de colis urgents, de pi\u00e8ces importantes pour l\u2019industrie\u2026<br>\u2022 <strong>2 v\u00e9hicules<\/strong> tout confort, type break<\/p>\n<\/div>\n\n\n\n<div class=\"wp-block-column is-layout-flow wp-block-column-is-layout-flow\">\n<figure class=\"wp-block-image size-full is-style-rounded\"><img loading=\"lazy\" decoding=\"async\" width=\"960\" height=\"658\" src=\"https:\/\/taxis-geng-maiziereslesmetz.fr\/wp-content\/uploads\/2022\/01\/airport.png\" alt=\"aeroport\" class=\"wp-image-137\" srcset=\"https:\/\/taxis-geng-maiziereslesmetz.fr\/wp-content\/uploads\/2022\/01\/airport.png 960w, https:\/\/taxis-geng-maiziereslesmetz.fr\/wp-content\/uploads\/2022\/01\/airport-300x206.png 300w, https:\/\/taxis-geng-maiziereslesmetz.fr\/wp-content\/uploads\/2022\/01\/airport-768x526.png 768w\" sizes=\"auto, (max-width: 960px) 100vw, 960px\" \/><\/figure>\n\n\n\n<p><\/p>\n<\/div>\n<\/div>\n\n\n\n<hr class=\"wp-block-separator has-css-opacity\"\/>\n\n\n\n<p class=\"has-text-align-center has-medium-font-size\"><span style=\"text-decoration: underline;\">Vos garanties :<\/span><\/p>\n\n\n\n<div class=\"wp-block-columns is-layout-flex wp-container-core-columns-is-layout-2 wp-block-columns-is-layout-flex\">\n<div class=\"wp-block-column is-layout-flow wp-block-column-is-layout-flow\" style=\"flex-basis:33.33%\">\n<figure class=\"wp-block-image size-full is-style-rounded\"><img loading=\"lazy\" decoding=\"async\" width=\"960\" height=\"649\" src=\"https:\/\/taxis-geng-maiziereslesmetz.fr\/wp-content\/uploads\/2022\/01\/clock.png\" alt=\"horloge-route\" class=\"wp-image-138\" srcset=\"https:\/\/taxis-geng-maiziereslesmetz.fr\/wp-content\/uploads\/2022\/01\/clock.png 960w, https:\/\/taxis-geng-maiziereslesmetz.fr\/wp-content\/uploads\/2022\/01\/clock-300x203.png 300w, https:\/\/taxis-geng-maiziereslesmetz.fr\/wp-content\/uploads\/2022\/01\/clock-768x519.png 768w\" sizes=\"auto, (max-width: 960px) 100vw, 960px\" \/><\/figure>\n<\/div>\n\n\n\n<div class=\"wp-block-column is-layout-flow wp-block-column-is-layout-flow\" style=\"flex-basis:66.66%\">\n<p>\u2022 Le sens de la <strong>ponctualit\u00e9<\/strong><br>\u2022 Un <strong>accueil <\/strong>chaleureux<br>\u2022 Une <strong>discr\u00e9tion <\/strong>appr\u00e9ciable<br>\u2022 Une <strong>s\u00e9curit\u00e9 <\/strong>maximale<br>\u2022 Un <strong>confort <\/strong>optimum<br>\u2022 Une am\u00e9lioration continue des services<\/p>\n<\/div>\n<\/div>\n\n\n\n<hr class=\"wp-block-separator has-css-opacity\"\/>\n\n\n\n<p class=\"has-text-align-center has-medium-font-size\"><span style=\"text-decoration: underline;\">A noter :<\/span><\/p>\n\n\n\n<div class=\"wp-block-columns is-layout-flex wp-container-core-columns-is-layout-3 wp-block-columns-is-layout-flex\">\n<div class=\"wp-block-column is-layout-flow wp-block-column-is-layout-flow\" style=\"flex-basis:66.66%\">\n<p>\u2022 Moyens de paiement accept\u00e9s : <strong>cartes bleues et esp\u00e8ces<\/strong><br>\u2022 R\u00e9servation obligatoire <strong>la nuit et les jours f\u00e9ri\u00e9s<\/strong> (de pr\u00e9f\u00e9rence 24h \u00e0 l&rsquo;avance)<br>\u2022 Les tarifs applicables <a href=\"https:\/\/www.moselle.gouv.fr\/content\/download\/5433\/39891\/file\/Arr%C3%AAt%C3%A9%20fixant%20les%20tarifs%20des%20taxis%20en%20Moselle%20pour%202022.pdf\" target=\"_blank\" rel=\"noreferrer noopener\">sont d\u00e9finis par d\u00e9cret pour chaque d\u00e9partement<\/a><br>\u2022 La r\u00e9servation est obligatoire en dehors de <a href=\"http:\/\/www.ville-maizieres-les-metz.fr\/\" target=\"_blank\" rel=\"noreferrer noopener\">Maizi\u00e8res-les-Metz (57280)<\/a><br>\u2022 La facturation de <a href=\"https:\/\/www.service-public.fr\/professionnels-entreprises\/vosdroits\/F22127\" target=\"_blank\" rel=\"noreferrer noopener\">frais d&rsquo;approche<\/a> est li\u00e9e \u00e0 votre adresse de d\u00e9part <\/p>\n<\/div>\n\n\n\n<div class=\"wp-block-column is-layout-flow wp-block-column-is-layout-flow\" style=\"flex-basis:33.33%\">\n<figure class=\"wp-block-image size-full is-style-rounded\"><img loading=\"lazy\" decoding=\"async\" width=\"960\" height=\"640\" src=\"https:\/\/taxis-geng-maiziereslesmetz.fr\/wp-content\/uploads\/2022\/01\/pay.png\" alt=\"\" class=\"wp-image-139\" srcset=\"https:\/\/taxis-geng-maiziereslesmetz.fr\/wp-content\/uploads\/2022\/01\/pay.png 960w, https:\/\/taxis-geng-maiziereslesmetz.fr\/wp-content\/uploads\/2022\/01\/pay-300x200.png 300w, https:\/\/taxis-geng-maiziereslesmetz.fr\/wp-content\/uploads\/2022\/01\/pay-768x512.png 768w\" sizes=\"auto, (max-width: 960px) 100vw, 960px\" \/><\/figure>\n<\/div>\n<\/div>\n\n\n\n<p class=\"has-text-align-center has-medium-font-size\"><strong>Besoin d\u2019un taxi&nbsp;? D\u2019un devis&nbsp;?<br>Contactez-nous au <a href=\"tel:0387802591\">03 87 80 25 91<\/a><br>Ou au <a href=\"tel:0620551261\">06 20 55 12 61<\/a><\/strong><\/p>\n\n\n\n<p>Vous pouvez aussi nous contacter via ce formulaire de contact et nous vous r\u00e9pondrons au plus vite (72h maximum)<\/p>\n\n\n\n<p class=\"has-text-align-left\">Nous vous invitons \u00e0 \u00eatre le plus pr\u00e9cis possible dans votre demande afin de la traiter dans les meilleures conditions.<\/p>\n\n\n\n<div class=\"wpcf7 no-js\" id=\"wpcf7-f10-o1\" lang=\"fr-FR\" dir=\"ltr\" data-wpcf7-id=\"10\">\n<div class=\"screen-reader-response\"><p role=\"status\" aria-live=\"polite\" aria-atomic=\"true\"><\/p> <ul><\/ul><\/div>\n<form action=\"\/index.php?rest_route=%2Fwp%2Fv2%2Fpages%2F2#wpcf7-f10-o1\" method=\"post\" class=\"wpcf7-form init\" aria-label=\"Formulaire de contact\" novalidate=\"novalidate\" data-status=\"init\">\n<div style=\"display: none;\">\n<input type=\"hidden\" name=\"_wpcf7\" value=\"10\" \/>\n<input type=\"hidden\" name=\"_wpcf7_version\" value=\"6.0.3\" \/>\n<input type=\"hidden\" name=\"_wpcf7_locale\" value=\"fr_FR\" \/>\n<input type=\"hidden\" name=\"_wpcf7_unit_tag\" value=\"wpcf7-f10-o1\" \/>\n<input type=\"hidden\" name=\"_wpcf7_container_post\" value=\"0\" \/>\n<input type=\"hidden\" name=\"_wpcf7_posted_data_hash\" value=\"\" \/>\n<\/div>\n<p><span id=\"wpcf7-69da31db9b344-wrapper\" class=\"wpcf7-form-control-wrap mail-268-wrap\" style=\"display:none !important; visibility:hidden !important;\"><label for=\"wpcf7-69da31db9b344-field\" class=\"hp-message\">Veuillez laisser ce champ vide.<\/label><input id=\"wpcf7-69da31db9b344-field\"  class=\"wpcf7-form-control wpcf7-text\" type=\"text\" name=\"mail-268\" value=\"\" size=\"40\" tabindex=\"-1\" autocomplete=\"new-password\" \/><\/span><br \/>\n<label> Votre nom (obligatoire)<br \/>\n<span class=\"wpcf7-form-control-wrap\" data-name=\"your-name\"><input size=\"40\" maxlength=\"400\" class=\"wpcf7-form-control wpcf7-text wpcf7-validates-as-required\" aria-required=\"true\" aria-invalid=\"false\" value=\"\" type=\"text\" name=\"your-name\" \/><\/span> <\/label>\n<\/p>\n<p><label> Votre adresse de messagerie (obligatoire)<br \/>\n<span class=\"wpcf7-form-control-wrap\" data-name=\"your-email\"><input size=\"40\" maxlength=\"400\" class=\"wpcf7-form-control wpcf7-email wpcf7-validates-as-required wpcf7-text wpcf7-validates-as-email\" aria-required=\"true\" aria-invalid=\"false\" value=\"\" type=\"email\" name=\"your-email\" \/><\/span> <\/label>\n<\/p>\n<p><label> Votre num\u00e9ro de t\u00e9l\u00e9phone (obligatoire)<br \/>\n<span class=\"wpcf7-form-control-wrap\" data-name=\"tel-307\"><input size=\"40\" maxlength=\"400\" class=\"wpcf7-form-control wpcf7-tel wpcf7-validates-as-required wpcf7-text wpcf7-validates-as-tel\" aria-required=\"true\" aria-invalid=\"false\" value=\"\" type=\"tel\" name=\"tel-307\" \/><\/span> <\/label>\n<\/p>\n<p><label> Objet<br \/>\n<span class=\"wpcf7-form-control-wrap\" data-name=\"your-subject\"><input size=\"40\" maxlength=\"400\" class=\"wpcf7-form-control wpcf7-text\" aria-invalid=\"false\" value=\"\" type=\"text\" name=\"your-subject\" \/><\/span> <\/label>\n<\/p>\n<p><label> Votre message<br \/>\n<span class=\"wpcf7-form-control-wrap\" data-name=\"your-message\"><textarea cols=\"40\" rows=\"10\" maxlength=\"2000\" class=\"wpcf7-form-control wpcf7-textarea\" aria-invalid=\"false\" name=\"your-message\"><\/textarea><\/span> <\/label>\n<\/p>\n<p><span class=\"wpcf7-form-control-wrap\" data-name=\"quiz-1234\"><label><span class=\"wpcf7-quiz-label\">Question anti-spam : Combien font 3+5 ?<\/span> <input size=\"40\" class=\"wpcf7-form-control wpcf7-quiz\" autocomplete=\"off\" aria-required=\"true\" aria-invalid=\"false\" type=\"text\" name=\"quiz-1234\" \/><\/label><input type=\"hidden\" name=\"_wpcf7_quiz_answer_quiz-1234\" value=\"f87d886aa235e1751be73bab3572e9a2\" \/><\/span>\n<\/p>\n<p><span class=\"wpcf7-form-control-wrap\" data-name=\"acceptance-578\"><span class=\"wpcf7-form-control wpcf7-acceptance\"><span class=\"wpcf7-list-item\"><label><input type=\"checkbox\" name=\"acceptance-578\" value=\"1\" aria-invalid=\"false\" \/><span class=\"wpcf7-list-item-label\">En cochant cette case, j'autorise les Taxis Geng \u00e0 utiliser les donn\u00e9es personnelles saisies afin de proc\u00e9der au traitement de ma demande. (obligatoire)<\/span><\/label><\/span><\/span><\/span>\n<\/p>\n<p><input class=\"wpcf7-form-control wpcf7-submit has-spinner\" type=\"submit\" value=\"Envoyer\" \/>\n<\/p><div class=\"wpcf7-response-output\" aria-hidden=\"true\"><\/div>\n<\/form>\n<\/div>\n\n\n\n\n<p><\/p>\n","protected":false},"excerpt":{"rendered":"<div class=\"entry-summary\">\nCliquez sur les num\u00e9ros suivants pour appeler Taxi Geng ! (appels non surtax\u00e9s) Vous pouvez \u00e9galement envoyer un SMS mais uniquement dans le cas de r\u00e9servations non urgentes. 03.87.80.25.91 \/ 06.20.55.12.61 L\u2019entreprise Taxi Geng bas\u00e9e \u00e0 Maizi\u00e8res-les-Metz (57280), c\u2019est avant tout : \u2022 Des taxis conventionn\u00e9s toutes caisses\u2022 Des transports toutes distances et toutes destinations&hellip;\n<\/div>\n<div class=\"link-more\"><a href=\"https:\/\/taxis-geng-maiziereslesmetz.fr\/\" class=\"more-link\">Continue reading<span class=\"screen-reader-text\"> &ldquo;Contactez nous au 03.87.80.25.91&rdquo;<\/span>&hellip;<\/a><\/div>\n","protected":false},"author":1,"featured_media":0,"parent":0,"menu_order":0,"comment_status":"closed","ping_status":"closed","template":"","meta":{"footnotes":""},"class_list":["post-2","page","type-page","status-publish","hentry","entry"],"yoast_head":"<!-- This site is optimized with the Yoast SEO plugin v24.4 - https:\/\/yoast.com\/wordpress\/plugins\/seo\/ -->\n<title>Taxi Geng \u00e0 Maizi\u00e8res-les-Metz au 03 87 80 25 91<\/title>\n<meta name=\"description\" content=\"Votre taxi \u00e0 Maizi\u00e8res-les-Metz depuis 2002. Prenez contact avec Taxi Geng via le formulaire de contact et d\u00e9couvrez les services propos\u00e9s !\" \/>\n<meta name=\"robots\" content=\"index, follow, max-snippet:-1, max-image-preview:large, max-video-preview:-1\" \/>\n<link rel=\"canonical\" href=\"https:\/\/taxis-geng-maiziereslesmetz.fr\/\" \/>\n<meta property=\"og:locale\" content=\"fr_FR\" \/>\n<meta property=\"og:type\" content=\"article\" \/>\n<meta property=\"og:title\" content=\"Taxi Geng \u00e0 Maizi\u00e8res-les-Metz au 03 87 80 25 91\" \/>\n<meta property=\"og:description\" content=\"Votre taxi \u00e0 Maizi\u00e8res-les-Metz depuis 2002. Prenez contact avec Taxi Geng via le formulaire de contact et d\u00e9couvrez les services propos\u00e9s !\" \/>\n<meta property=\"og:url\" content=\"https:\/\/taxis-geng-maiziereslesmetz.fr\/\" \/>\n<meta property=\"og:site_name\" content=\"Taxi Geng\" \/>\n<meta property=\"article:modified_time\" content=\"2023-01-17T18:39:15+00:00\" \/>\n<meta property=\"og:image\" content=\"https:\/\/taxis-geng-maiziereslesmetz.fr\/wp-content\/uploads\/2022\/01\/airport.png\" \/>\n<meta name=\"twitter:card\" content=\"summary_large_image\" \/>\n<meta name=\"twitter:label1\" content=\"Dur\u00e9e de lecture estim\u00e9e\" \/>\n\t<meta name=\"twitter:data1\" content=\"2 minutes\" \/>\n<script type=\"application\/ld+json\" class=\"yoast-schema-graph\">{\"@context\":\"https:\/\/schema.org\",\"@graph\":[{\"@type\":\"WebPage\",\"@id\":\"https:\/\/taxis-geng-maiziereslesmetz.fr\/\",\"url\":\"https:\/\/taxis-geng-maiziereslesmetz.fr\/\",\"name\":\"Taxi Geng \u00e0 Maizi\u00e8res-les-Metz au 03 87 80 25 91\",\"isPartOf\":{\"@id\":\"https:\/\/taxis-geng-maiziereslesmetz.fr\/#website\"},\"primaryImageOfPage\":{\"@id\":\"https:\/\/taxis-geng-maiziereslesmetz.fr\/#primaryimage\"},\"image\":{\"@id\":\"https:\/\/taxis-geng-maiziereslesmetz.fr\/#primaryimage\"},\"thumbnailUrl\":\"https:\/\/taxis-geng-maiziereslesmetz.fr\/wp-content\/uploads\/2022\/01\/airport.png\",\"datePublished\":\"2020-06-24T15:46:16+00:00\",\"dateModified\":\"2023-01-17T18:39:15+00:00\",\"description\":\"Votre taxi \u00e0 Maizi\u00e8res-les-Metz depuis 2002. Prenez contact avec Taxi Geng via le formulaire de contact et d\u00e9couvrez les services propos\u00e9s !\",\"breadcrumb\":{\"@id\":\"https:\/\/taxis-geng-maiziereslesmetz.fr\/#breadcrumb\"},\"inLanguage\":\"fr-FR\",\"potentialAction\":[{\"@type\":\"ReadAction\",\"target\":[\"https:\/\/taxis-geng-maiziereslesmetz.fr\/\"]}]},{\"@type\":\"ImageObject\",\"inLanguage\":\"fr-FR\",\"@id\":\"https:\/\/taxis-geng-maiziereslesmetz.fr\/#primaryimage\",\"url\":\"https:\/\/taxis-geng-maiziereslesmetz.fr\/wp-content\/uploads\/2022\/01\/airport.png\",\"contentUrl\":\"https:\/\/taxis-geng-maiziereslesmetz.fr\/wp-content\/uploads\/2022\/01\/airport.png\",\"width\":960,\"height\":658,\"caption\":\"aeroport\"},{\"@type\":\"BreadcrumbList\",\"@id\":\"https:\/\/taxis-geng-maiziereslesmetz.fr\/#breadcrumb\",\"itemListElement\":[{\"@type\":\"ListItem\",\"position\":1,\"name\":\"Accueil\",\"item\":\"https:\/\/taxis-geng-maiziereslesmetz.fr\/\"},{\"@type\":\"ListItem\",\"position\":2,\"name\":\"Contactez nous au 03.87.80.25.91\"}]},{\"@type\":\"WebSite\",\"@id\":\"https:\/\/taxis-geng-maiziereslesmetz.fr\/#website\",\"url\":\"https:\/\/taxis-geng-maiziereslesmetz.fr\/\",\"name\":\"Taxi Geng\",\"description\":\"Votre taxi \u00e0 Maizi\u00e8res-les-Metz depuis 2002\",\"potentialAction\":[{\"@type\":\"SearchAction\",\"target\":{\"@type\":\"EntryPoint\",\"urlTemplate\":\"https:\/\/taxis-geng-maiziereslesmetz.fr\/?s={search_term_string}\"},\"query-input\":{\"@type\":\"PropertyValueSpecification\",\"valueRequired\":true,\"valueName\":\"search_term_string\"}}],\"inLanguage\":\"fr-FR\"}]}<\/script>\n<!-- \/ Yoast SEO plugin. -->","yoast_head_json":{"title":"Taxi Geng \u00e0 Maizi\u00e8res-les-Metz au 03 87 80 25 91","description":"Votre taxi \u00e0 Maizi\u00e8res-les-Metz depuis 2002. Prenez contact avec Taxi Geng via le formulaire de contact et d\u00e9couvrez les services propos\u00e9s !","robots":{"index":"index","follow":"follow","max-snippet":"max-snippet:-1","max-image-preview":"max-image-preview:large","max-video-preview":"max-video-preview:-1"},"canonical":"https:\/\/taxis-geng-maiziereslesmetz.fr\/","og_locale":"fr_FR","og_type":"article","og_title":"Taxi Geng \u00e0 Maizi\u00e8res-les-Metz au 03 87 80 25 91","og_description":"Votre taxi \u00e0 Maizi\u00e8res-les-Metz depuis 2002. Prenez contact avec Taxi Geng via le formulaire de contact et d\u00e9couvrez les services propos\u00e9s !","og_url":"https:\/\/taxis-geng-maiziereslesmetz.fr\/","og_site_name":"Taxi Geng","article_modified_time":"2023-01-17T18:39:15+00:00","og_image":[{"url":"https:\/\/taxis-geng-maiziereslesmetz.fr\/wp-content\/uploads\/2022\/01\/airport.png","type":"","width":"","height":""}],"twitter_card":"summary_large_image","twitter_misc":{"Dur\u00e9e de lecture estim\u00e9e":"2 minutes"},"schema":{"@context":"https:\/\/schema.org","@graph":[{"@type":"WebPage","@id":"https:\/\/taxis-geng-maiziereslesmetz.fr\/","url":"https:\/\/taxis-geng-maiziereslesmetz.fr\/","name":"Taxi Geng \u00e0 Maizi\u00e8res-les-Metz au 03 87 80 25 91","isPartOf":{"@id":"https:\/\/taxis-geng-maiziereslesmetz.fr\/#website"},"primaryImageOfPage":{"@id":"https:\/\/taxis-geng-maiziereslesmetz.fr\/#primaryimage"},"image":{"@id":"https:\/\/taxis-geng-maiziereslesmetz.fr\/#primaryimage"},"thumbnailUrl":"https:\/\/taxis-geng-maiziereslesmetz.fr\/wp-content\/uploads\/2022\/01\/airport.png","datePublished":"2020-06-24T15:46:16+00:00","dateModified":"2023-01-17T18:39:15+00:00","description":"Votre taxi \u00e0 Maizi\u00e8res-les-Metz depuis 2002. Prenez contact avec Taxi Geng via le formulaire de contact et d\u00e9couvrez les services propos\u00e9s !","breadcrumb":{"@id":"https:\/\/taxis-geng-maiziereslesmetz.fr\/#breadcrumb"},"inLanguage":"fr-FR","potentialAction":[{"@type":"ReadAction","target":["https:\/\/taxis-geng-maiziereslesmetz.fr\/"]}]},{"@type":"ImageObject","inLanguage":"fr-FR","@id":"https:\/\/taxis-geng-maiziereslesmetz.fr\/#primaryimage","url":"https:\/\/taxis-geng-maiziereslesmetz.fr\/wp-content\/uploads\/2022\/01\/airport.png","contentUrl":"https:\/\/taxis-geng-maiziereslesmetz.fr\/wp-content\/uploads\/2022\/01\/airport.png","width":960,"height":658,"caption":"aeroport"},{"@type":"BreadcrumbList","@id":"https:\/\/taxis-geng-maiziereslesmetz.fr\/#breadcrumb","itemListElement":[{"@type":"ListItem","position":1,"name":"Accueil","item":"https:\/\/taxis-geng-maiziereslesmetz.fr\/"},{"@type":"ListItem","position":2,"name":"Contactez nous au 03.87.80.25.91"}]},{"@type":"WebSite","@id":"https:\/\/taxis-geng-maiziereslesmetz.fr\/#website","url":"https:\/\/taxis-geng-maiziereslesmetz.fr\/","name":"Taxi Geng","description":"Votre taxi \u00e0 Maizi\u00e8res-les-Metz depuis 2002","potentialAction":[{"@type":"SearchAction","target":{"@type":"EntryPoint","urlTemplate":"https:\/\/taxis-geng-maiziereslesmetz.fr\/?s={search_term_string}"},"query-input":{"@type":"PropertyValueSpecification","valueRequired":true,"valueName":"search_term_string"}}],"inLanguage":"fr-FR"}]}},"_links":{"self":[{"href":"https:\/\/taxis-geng-maiziereslesmetz.fr\/index.php?rest_route=\/wp\/v2\/pages\/2","targetHints":{"allow":["GET"]}}],"collection":[{"href":"https:\/\/taxis-geng-maiziereslesmetz.fr\/index.php?rest_route=\/wp\/v2\/pages"}],"about":[{"href":"https:\/\/taxis-geng-maiziereslesmetz.fr\/index.php?rest_route=\/wp\/v2\/types\/page"}],"author":[{"embeddable":true,"href":"https:\/\/taxis-geng-maiziereslesmetz.fr\/index.php?rest_route=\/wp\/v2\/users\/1"}],"replies":[{"embeddable":true,"href":"https:\/\/taxis-geng-maiziereslesmetz.fr\/index.php?rest_route=%2Fwp%2Fv2%2Fcomments&post=2"}],"version-history":[{"count":69,"href":"https:\/\/taxis-geng-maiziereslesmetz.fr\/index.php?rest_route=\/wp\/v2\/pages\/2\/revisions"}],"predecessor-version":[{"id":154,"href":"https:\/\/taxis-geng-maiziereslesmetz.fr\/index.php?rest_route=\/wp\/v2\/pages\/2\/revisions\/154"}],"wp:attachment":[{"href":"https:\/\/taxis-geng-maiziereslesmetz.fr\/index.php?rest_route=%2Fwp%2Fv2%2Fmedia&parent=2"}],"curies":[{"name":"wp","href":"https:\/\/api.w.org\/{rel}","templated":true}]}}